{"id":4775,"date":"2025-01-20T03:08:06","date_gmt":"2025-01-20T02:08:06","guid":{"rendered":"https:\/\/staging.foodandfun.es\/?post_type=product&#038;p=4775"},"modified":"2026-04-07T13:07:28","modified_gmt":"2026-04-07T11:07:28","slug":"cocina-japonesa-tradicional","status":"publish","type":"product","link":"https:\/\/foodandfun.es\/en\/talleres-de-cocina\/cocina-japonesa-tradicional\/","title":{"rendered":"Curso Cocina Japonesa RAMEN"},"content":{"rendered":"<p><span class=\"OYPEnA text-decoration-none text-strikethrough-none\">Ad\u00e9ntrate en este Curso de Cocina Japonesa RAMEN de la mano de Chefs de alta cocina, donde descubrir\u00e1s los secretos para preparar los mejores platos con productos de temporada. <\/span>Aprende a preparar aut\u00e9nticos platos japoneses, mientras exploras los sabores \u00fanicos y las t\u00e9cnicas culinarias tradicionales de Jap\u00f3n.<\/p>\n<p><strong>Duraci\u00f3n del curso: <\/strong><strong>4 horas<\/strong><\/p>\n<p><strong>Contenido del curso<\/strong><\/p>\n<ul>\n<li><span class=\"OYPEnA text-decoration-none text-strikethrough-none\">Shoyu Ramen<\/span><\/li>\n<li>Gyoza<\/li>\n<li>Mochi de chocolate<\/li>\n<\/ul>\n<p>Nuestro curso de cocina japonesa te llevar\u00e1 en un viaje culinario que abarca desde los conceptos b\u00e1sicos hasta platos un poco m\u00e1s avanzados. Aprender\u00e1s a seleccionar y preparar ingredientes frescos y de alta calidad, as\u00ed como a dominar las t\u00e9cnicas precisas de corte y cocinado que son esenciales en la cocina japonesa.<\/p>\n<p>Adem\u00e1s de aprender a cocinar platos muy coloridos y sabrosos, tambi\u00e9n explorar\u00e1s la rica historia gastron\u00f3mica y cultural de Jap\u00f3n, descubriendo la importancia de la estacionalidad y el equilibrio de sabores en la cocina japonesa.<\/p>\n<p>Ya sea que seas un principiante entusiasta o un cocinero experimentado en busca de perfeccionar tus habilidades, nuestro curso de cocina japonesa te proporcionar\u00e1 las herramientas y la inspiraci\u00f3n necesarias para crear aut\u00e9nticas delicias japonesas en la comodidad de tu hogar.<\/p>\n<p>\u00a1Reserva ahora y comienza tu viaje culinario hacia la exquisitez de la cocina japonesa!<\/p>\n<p>&nbsp;<\/p>\n<p><iframe title=\"Curso cocina japonesa Ramen #food #foodie #chef #gastronomia #comida #foodlover\" width=\"563\" height=\"1000\" src=\"https:\/\/www.youtube.com\/embed\/mCyFK6fDGvs?feature=oembed\" frameborder=\"0\" allow=\"accelerometer; autoplay; clipboard-write; encrypted-media; gyroscope; picture-in-picture; web-share\" referrerpolicy=\"strict-origin-when-cross-origin\" allowfullscreen><\/iframe><\/p>\n","protected":false},"excerpt":{"rendered":"<p><!-- Marcado JSON-LD generado por el Asistente para el marcado de datos estructurados de Google. --><br \/>\n<script type=\"application\/ld+json\">\n{\n  \"@context\": \"http:\/\/schema.org\",\n  \"@type\": \"Product\",\n  \"name\": \"Curso Cocina Japonesa RAMEN\",\n  \"image\": \"https:\/\/foodandfun.es\/wp-content\/uploads\/2024\/01\/5_Cocina_japonesa_800_900.jpg\",\n  \"description\": \"Curso de Cocina Japonesa RAMEN de la mano de Taka Sasaki, una chef con gran trayectoria gastron\u00f3mica, donde descubrir\u00e1s los secretos para preparar los mejores platos con productos de temporada.\",\n  \"offers\": {\n    \"@type\": \"Offer\",\n    \"price\": \"90\",\n    \"priceCurrency\": \"EUR\",\n    \"availability\": \"Yes\",\n    \"priceValidUntil\": \"\"\n  },\n  \"aggregateRating\": {\n    \"@type\": \"AggregateRating\",\n    \"bestRating\": \"5\",\n    \"ratingValue\": \"5\",\n    \"ratingCount\": \"1\"\n  }\n}\n<\/script><\/p>\n<p><span class=\"OYPEnA text-decoration-none text-strikethrough-none\">Curso de Cocina Japonesa RAMEN de la mano de Chefs de alta cocina, donde descubrir\u00e1s los secretos para preparar los mejores platos japoneses con productos de temporada.<\/span><\/p>\n<p><strong>Si deseas regalar un curso de cocina, puedes adquirir nuestra <span style=\"color: #000000;\"><a style=\"color: #000000;\" href=\"https:\/\/foodandfun.es\/talleres-de-cocina\/tarjeta-regalo\/\">Tarjeta Regalo<\/a><\/span><\/strong><\/p>\n","protected":false},"featured_media":43870015,"comment_status":"open","ping_status":"closed","template":"","meta":{"_crdt_document":"","yasr_overall_rating":4.8,"yasr_post_is_review":"","yasr_auto_insert_disabled":"","yasr_review_type":"","_glsr_average":0,"_glsr_ranking":0,"_glsr_reviews":0},"product_brand":[],"product_cat":[64,63,27],"product_tag":[],"class_list":{"0":"post-4775","1":"product","2":"type-product","3":"status-publish","4":"has-post-thumbnail","6":"product_cat-noviembre","7":"product_cat-octubre","8":"product_cat-taller-de-cocina","10":"first","11":"instock","12":"featured","13":"shipping-taxable","14":"purchasable","15":"product-type-variable"},"acf":[],"yoast_head":"<!-- This site is optimized with the Yoast SEO plugin v27.3 - https:\/\/yoast.com\/product\/yoast-seo-wordpress\/ -->\n<title>Curso Cocina Japonesa RAMEN - Food &amp; Fun<\/title>\n<meta name=\"description\" content=\"Curso de cocina japonesa tradicional con la reputada Chef Taka Sasakin, descubrir\u00e1s los secretos de los mejores platos con productos de temporada.\" \/>\n<meta name=\"robots\" content=\"index, follow, max-snippet:-1, max-image-preview:large, max-video-preview:-1\" \/>\n<link rel=\"canonical\" href=\"https:\/\/foodandfun.es\/en\/talleres-de-cocina\/cocina-japonesa-tradicional\/\" \/>\n<meta property=\"og:locale\" content=\"en_US\" \/>\n<meta property=\"og:type\" content=\"article\" \/>\n<meta property=\"og:title\" content=\"Curso Cocina Japonesa RAMEN - Food &amp; Fun\" \/>\n<meta property=\"og:description\" content=\"Curso de cocina japonesa tradicional con la reputada Chef Taka Sasakin, descubrir\u00e1s los secretos de los mejores platos con productos de temporada.\" \/>\n<meta property=\"og:url\" content=\"https:\/\/foodandfun.es\/talleres-de-cocina\/cocina-japonesa-tradicional\/\" \/>\n<meta property=\"og:site_name\" content=\"Food &amp; Fun\" \/>\n<meta property=\"article:publisher\" content=\"https:\/\/www.facebook.com\/FoodandFunValencia\" \/>\n<meta property=\"article:modified_time\" content=\"2026-04-07T11:07:28+00:00\" \/>\n<meta property=\"og:image\" content=\"https:\/\/foodandfun.es\/wp-content\/uploads\/2024\/01\/10_Cocina_japonesa_800_800.jpg\" \/>\n\t<meta property=\"og:image:width\" content=\"800\" \/>\n\t<meta property=\"og:image:height\" content=\"800\" \/>\n\t<meta property=\"og:image:type\" content=\"image\/jpeg\" \/>\n<meta name=\"twitter:card\" content=\"summary_large_image\" \/>\n<meta name=\"twitter:label1\" content=\"Est. reading time\" \/>\n\t<meta name=\"twitter:data1\" content=\"2 minutes\" \/>\n<script type=\"application\/ld+json\" class=\"yoast-schema-graph\">{\"@context\":\"https:\\\/\\\/schema.org\",\"@graph\":[{\"@type\":\"WebPage\",\"@id\":\"https:\\\/\\\/foodandfun.es\\\/en\\\/talleres-de-cocina\\\/cocina-japonesa-tradicional\\\/\",\"url\":\"https:\\\/\\\/foodandfun.es\\\/talleres-de-cocina\\\/cocina-japonesa-tradicional\\\/\",\"name\":\"Curso Cocina Japonesa RAMEN - Food &amp; Fun\",\"isPartOf\":{\"@id\":\"https:\\\/\\\/foodandfun.es\\\/en\\\/#website\"},\"primaryImageOfPage\":{\"@id\":\"https:\\\/\\\/foodandfun.es\\\/talleres-de-cocina\\\/cocina-japonesa-tradicional\\\/#primaryimage\"},\"image\":{\"@id\":\"https:\\\/\\\/foodandfun.es\\\/talleres-de-cocina\\\/cocina-japonesa-tradicional\\\/#primaryimage\"},\"thumbnailUrl\":\"https:\\\/\\\/foodandfun.es\\\/wp-content\\\/uploads\\\/2024\\\/01\\\/10_Cocina_japonesa_800_800.jpg\",\"datePublished\":\"2025-01-20T02:08:06+00:00\",\"dateModified\":\"2026-04-07T11:07:28+00:00\",\"description\":\"Curso de cocina japonesa tradicional con la reputada Chef Taka Sasakin, descubrir\u00e1s los secretos de los mejores platos con productos de temporada.\",\"breadcrumb\":{\"@id\":\"https:\\\/\\\/foodandfun.es\\\/talleres-de-cocina\\\/cocina-japonesa-tradicional\\\/#breadcrumb\"},\"inLanguage\":\"en-US\",\"potentialAction\":[{\"@type\":\"ReadAction\",\"target\":[\"https:\\\/\\\/foodandfun.es\\\/talleres-de-cocina\\\/cocina-japonesa-tradicional\\\/\"]}]},{\"@type\":\"ImageObject\",\"inLanguage\":\"en-US\",\"@id\":\"https:\\\/\\\/foodandfun.es\\\/talleres-de-cocina\\\/cocina-japonesa-tradicional\\\/#primaryimage\",\"url\":\"https:\\\/\\\/foodandfun.es\\\/wp-content\\\/uploads\\\/2024\\\/01\\\/10_Cocina_japonesa_800_800.jpg\",\"contentUrl\":\"https:\\\/\\\/foodandfun.es\\\/wp-content\\\/uploads\\\/2024\\\/01\\\/10_Cocina_japonesa_800_800.jpg\",\"width\":800,\"height\":800,\"caption\":\"curso cocina japonesa\"},{\"@type\":\"BreadcrumbList\",\"@id\":\"https:\\\/\\\/foodandfun.es\\\/talleres-de-cocina\\\/cocina-japonesa-tradicional\\\/#breadcrumb\",\"itemListElement\":[{\"@type\":\"ListItem\",\"position\":1,\"name\":\"Home\",\"item\":\"https:\\\/\\\/foodandfun.es\\\/en\\\/\"},{\"@type\":\"ListItem\",\"position\":2,\"name\":\"Privado: Tienda\",\"item\":\"https:\\\/\\\/foodandfun.es\\\/?page_id=304\"},{\"@type\":\"ListItem\",\"position\":3,\"name\":\"Curso Cocina Japonesa RAMEN\"}]},{\"@type\":\"WebSite\",\"@id\":\"https:\\\/\\\/foodandfun.es\\\/en\\\/#website\",\"url\":\"https:\\\/\\\/foodandfun.es\\\/en\\\/\",\"name\":\"Food&Fun,Escenario Culinario\",\"description\":\"Food &amp; Fun es el primer escenario culinario de Valencia: conectamos personas con talleres de cocina y teambuilding gastron\u00f3mico para empresas.\",\"publisher\":{\"@id\":\"https:\\\/\\\/foodandfun.es\\\/en\\\/#organization\"},\"potentialAction\":[{\"@type\":\"SearchAction\",\"target\":{\"@type\":\"EntryPoint\",\"urlTemplate\":\"https:\\\/\\\/foodandfun.es\\\/en\\\/?s={search_term_string}\"},\"query-input\":{\"@type\":\"PropertyValueSpecification\",\"valueRequired\":true,\"valueName\":\"search_term_string\"}}],\"inLanguage\":\"en-US\"},{\"@type\":\"Organization\",\"@id\":\"https:\\\/\\\/foodandfun.es\\\/en\\\/#organization\",\"name\":\"Food&Fun\",\"url\":\"https:\\\/\\\/foodandfun.es\\\/en\\\/\",\"logo\":{\"@type\":\"ImageObject\",\"inLanguage\":\"en-US\",\"@id\":\"https:\\\/\\\/foodandfun.es\\\/en\\\/#\\\/schema\\\/logo\\\/image\\\/\",\"url\":\"https:\\\/\\\/foodandfun.es\\\/wp-content\\\/uploads\\\/2022\\\/03\\\/Logotipo.png\",\"contentUrl\":\"https:\\\/\\\/foodandfun.es\\\/wp-content\\\/uploads\\\/2022\\\/03\\\/Logotipo.png\",\"width\":1115,\"height\":257,\"caption\":\"Food&Fun\"},\"image\":{\"@id\":\"https:\\\/\\\/foodandfun.es\\\/en\\\/#\\\/schema\\\/logo\\\/image\\\/\"},\"sameAs\":[\"https:\\\/\\\/www.facebook.com\\\/FoodandFunValencia\",\"https:\\\/\\\/www.instagram.com\\\/foodandfunvlc\\\/\",\"https:\\\/\\\/www.linkedin.com\\\/company\\\/cocinacircular\\\/\"]},false]}<\/script>\n<!-- \/ Yoast SEO plugin. -->","yoast_head_json":{"title":"Curso Cocina Japonesa RAMEN - Food &amp; Fun","description":"Curso de cocina japonesa tradicional con la reputada Chef Taka Sasakin, descubrir\u00e1s los secretos de los mejores platos con productos de temporada.","robots":{"index":"index","follow":"follow","max-snippet":"max-snippet:-1","max-image-preview":"max-image-preview:large","max-video-preview":"max-video-preview:-1"},"canonical":"https:\/\/foodandfun.es\/en\/talleres-de-cocina\/cocina-japonesa-tradicional\/","og_locale":"en_US","og_type":"article","og_title":"Curso Cocina Japonesa RAMEN - Food &amp; Fun","og_description":"Curso de cocina japonesa tradicional con la reputada Chef Taka Sasakin, descubrir\u00e1s los secretos de los mejores platos con productos de temporada.","og_url":"https:\/\/foodandfun.es\/talleres-de-cocina\/cocina-japonesa-tradicional\/","og_site_name":"Food &amp; Fun","article_publisher":"https:\/\/www.facebook.com\/FoodandFunValencia","article_modified_time":"2026-04-07T11:07:28+00:00","og_image":[{"width":800,"height":800,"url":"https:\/\/foodandfun.es\/wp-content\/uploads\/2024\/01\/10_Cocina_japonesa_800_800.jpg","type":"image\/jpeg"}],"twitter_card":"summary_large_image","twitter_misc":{"Est. reading time":"2 minutes"},"schema":{"@context":"https:\/\/schema.org","@graph":[{"@type":"WebPage","@id":"https:\/\/foodandfun.es\/en\/talleres-de-cocina\/cocina-japonesa-tradicional\/","url":"https:\/\/foodandfun.es\/talleres-de-cocina\/cocina-japonesa-tradicional\/","name":"Curso Cocina Japonesa RAMEN - Food &amp; Fun","isPartOf":{"@id":"https:\/\/foodandfun.es\/en\/#website"},"primaryImageOfPage":{"@id":"https:\/\/foodandfun.es\/talleres-de-cocina\/cocina-japonesa-tradicional\/#primaryimage"},"image":{"@id":"https:\/\/foodandfun.es\/talleres-de-cocina\/cocina-japonesa-tradicional\/#primaryimage"},"thumbnailUrl":"https:\/\/foodandfun.es\/wp-content\/uploads\/2024\/01\/10_Cocina_japonesa_800_800.jpg","datePublished":"2025-01-20T02:08:06+00:00","dateModified":"2026-04-07T11:07:28+00:00","description":"Curso de cocina japonesa tradicional con la reputada Chef Taka Sasakin, descubrir\u00e1s los secretos de los mejores platos con productos de temporada.","breadcrumb":{"@id":"https:\/\/foodandfun.es\/talleres-de-cocina\/cocina-japonesa-tradicional\/#breadcrumb"},"inLanguage":"en-US","potentialAction":[{"@type":"ReadAction","target":["https:\/\/foodandfun.es\/talleres-de-cocina\/cocina-japonesa-tradicional\/"]}]},{"@type":"ImageObject","inLanguage":"en-US","@id":"https:\/\/foodandfun.es\/talleres-de-cocina\/cocina-japonesa-tradicional\/#primaryimage","url":"https:\/\/foodandfun.es\/wp-content\/uploads\/2024\/01\/10_Cocina_japonesa_800_800.jpg","contentUrl":"https:\/\/foodandfun.es\/wp-content\/uploads\/2024\/01\/10_Cocina_japonesa_800_800.jpg","width":800,"height":800,"caption":"curso cocina japonesa"},{"@type":"BreadcrumbList","@id":"https:\/\/foodandfun.es\/talleres-de-cocina\/cocina-japonesa-tradicional\/#breadcrumb","itemListElement":[{"@type":"ListItem","position":1,"name":"Home","item":"https:\/\/foodandfun.es\/en\/"},{"@type":"ListItem","position":2,"name":"Privado: Tienda","item":"https:\/\/foodandfun.es\/?page_id=304"},{"@type":"ListItem","position":3,"name":"Curso Cocina Japonesa RAMEN"}]},{"@type":"WebSite","@id":"https:\/\/foodandfun.es\/en\/#website","url":"https:\/\/foodandfun.es\/en\/","name":"Food&Fun,Escenario Culinario","description":"Food &amp; Fun es el primer escenario culinario de Valencia: conectamos personas con talleres de cocina y teambuilding gastron\u00f3mico para empresas.","publisher":{"@id":"https:\/\/foodandfun.es\/en\/#organization"},"potentialAction":[{"@type":"SearchAction","target":{"@type":"EntryPoint","urlTemplate":"https:\/\/foodandfun.es\/en\/?s={search_term_string}"},"query-input":{"@type":"PropertyValueSpecification","valueRequired":true,"valueName":"search_term_string"}}],"inLanguage":"en-US"},{"@type":"Organization","@id":"https:\/\/foodandfun.es\/en\/#organization","name":"Food&Fun","url":"https:\/\/foodandfun.es\/en\/","logo":{"@type":"ImageObject","inLanguage":"en-US","@id":"https:\/\/foodandfun.es\/en\/#\/schema\/logo\/image\/","url":"https:\/\/foodandfun.es\/wp-content\/uploads\/2022\/03\/Logotipo.png","contentUrl":"https:\/\/foodandfun.es\/wp-content\/uploads\/2022\/03\/Logotipo.png","width":1115,"height":257,"caption":"Food&Fun"},"image":{"@id":"https:\/\/foodandfun.es\/en\/#\/schema\/logo\/image\/"},"sameAs":["https:\/\/www.facebook.com\/FoodandFunValencia","https:\/\/www.instagram.com\/foodandfunvlc\/","https:\/\/www.linkedin.com\/company\/cocinacircular\/"]},false]}},"yasr_visitor_votes":{"stars_attributes":{"read_only":false,"span_bottom":false},"number_of_votes":0,"sum_votes":0},"_links":{"self":[{"href":"https:\/\/foodandfun.es\/en\/wp-json\/wp\/v2\/product\/4775","targetHints":{"allow":["GET"]}}],"collection":[{"href":"https:\/\/foodandfun.es\/en\/wp-json\/wp\/v2\/product"}],"about":[{"href":"https:\/\/foodandfun.es\/en\/wp-json\/wp\/v2\/types\/product"}],"replies":[{"embeddable":true,"href":"https:\/\/foodandfun.es\/en\/wp-json\/wp\/v2\/comments?post=4775"}],"wp:featuredmedia":[{"embeddable":true,"href":"https:\/\/foodandfun.es\/en\/wp-json\/wp\/v2\/media\/43870015"}],"wp:attachment":[{"href":"https:\/\/foodandfun.es\/en\/wp-json\/wp\/v2\/media?parent=4775"}],"wp:term":[{"taxonomy":"product_brand","embeddable":true,"href":"https:\/\/foodandfun.es\/en\/wp-json\/wp\/v2\/product_brand?post=4775"},{"taxonomy":"product_cat","embeddable":true,"href":"https:\/\/foodandfun.es\/en\/wp-json\/wp\/v2\/product_cat?post=4775"},{"taxonomy":"product_tag","embeddable":true,"href":"https:\/\/foodandfun.es\/en\/wp-json\/wp\/v2\/product_tag?post=4775"}],"curies":[{"name":"wp","href":"https:\/\/api.w.org\/{rel}","templated":true}]}}