{"id":43870551,"date":"2024-10-11T09:37:55","date_gmt":"2024-10-11T07:37:55","guid":{"rendered":"https:\/\/foodandfun.es\/talleres-de-cocina\/curso-reposteria\/"},"modified":"2025-04-07T23:35:55","modified_gmt":"2025-04-07T21:35:55","slug":"pastry-class","status":"publish","type":"product","link":"https:\/\/foodandfun.es\/en\/talleres-de-cocina\/pastry-class\/","title":{"rendered":"Pastry course: Delicious desserts"},"content":{"rendered":"<p>Do you love the world of desserts? You are in the right place! Our <strong>pastry course<\/strong> is designed for those who love sweets. Become a Master Pastry Chef and surprise your family and friends.<\/p>\n<p>It doesn&#8217;t matter if you are an amateur or if you already have experience. With this course taught by our Master Pastry Chef <a href=\"https:\/\/www.instagram.com\/esmeraldamchef4\/\">Esmeralda Marcos<\/a> you will learn the secrets to prepare delicious and visually stunning desserts.<\/p>\n<p><strong>Pastry course date<\/strong><\/p>\n<ul>\n<li><strong>Sunday, April 13 16:00-20:00h<\/strong><\/li>\n<\/ul>\n<p><strong>Course duration: 4 hours<\/strong><\/p>\n<h2>What will you learn in this bakery course?<\/h2>\n<p>Here are the delicious desserts that you will prepare in this pastry workshop:<\/p>\n<ul>\n<li><strong>Paulova with chantilly and strawberries: A <\/strong>light and crunchy meringue base, which crumbles softly to the touch, with a tender and fluffy interior. On top, a generous cloud of creamy and delicate whipped cream provides a silky texture that embraces every bite. Everything is topped with fresh strawberries.<\/li>\n<li><strong>Lemon pie<\/strong>: Sabl\u00e9 dough base that will be left to cool and molded into tartlets to bake and have a crispy base. Then, it will be filled with lemon cream adding an Italian meringue that will be blowtorched at the time of assembly to give it an acid touch.<\/li>\n<li><strong>Almond financier with mascarpone cream and raspberries: <\/strong>Delicate golden sponge base impregnated with the unmistakable aroma of toasted almonds that caresses the nose. On top, a generous layer of creamy mascarpone with its subtle freshness that melts on the palate. To top it off, raspberries add their acidic and juicy touch, bursting with every bite. A delicacy.<\/li>\n<li><strong>Chocolate tartlets: <\/strong>Golden and delicately crunchy shortcrust pastry base that crumbles with irresistible softness at the first bite.<\/li>\n<\/ul>\n<p>In addition, a recipe booklet will be provided for everything you will elaborate in this pastry course.<\/p>\n<h2>Why come to our bakery workshop?<\/h2>\n<p>Our <strong>pastry course<\/strong> covers various techniques, from the simplest to the most advanced. Here is an idea of what you will learn in this dessert workshop:<\/p>\n<p><strong>Pastry basics: <\/strong>Learn how to prepare doughs, creams and bases essential for any dessert.<\/p>\n<p><strong>Dessert decoration: <\/strong>Discover how to decorate desserts with modern techniques to make your creations look professional.<\/p>\n<p><strong>Advanced Pastry Techniques: <\/strong>Learn how to make desserts that you always wanted to make at home.<\/p>\n<p><strong>Trendy desserts <\/strong>: Prepare trendy desserts such as lemon pie tartlet.<\/p>\n<h2>Why choose this dessert workshop?<\/h2>\n<p>If you are looking for a <strong>pastry course<\/strong>, we have the best option for you. We offer you a complete and practical experience. Here are some reasons to choose us:<\/p>\n<ol>\n<li><strong>Expert pastry chef<\/strong>: We have a first class Chef with extensive experience who will guide you step by step through each recipe. She will teach you not only recipes, but also techniques that will allow you to innovate and create your own versions of desserts.<\/li>\n<li><strong>Practical classes<\/strong>: Our approach is totally practical. You will work with your own hands, from the elaboration of doughs and creams to the final decoration of your desserts. Our class is designed for you to put into practice what you have learned and receive direct feedback from our chefs.<\/li>\n<li><strong>On-trend recipes: <\/strong>You will learn how to prepare delicious desserts that will surprise your family and friends. You will learn how to prepare a variety of desserts, from the classics that never go out of style to those that are trending.<\/li>\n<\/ol>\n<p>What are you waiting for to sign up?<\/p>\n<h2>Who is this dessert course for?<\/h2>\n<p>This pastry workshop is designed for anyone who wants to learn or improve their skills in the art of desserts. It doesn&#8217;t matter if you are a complete beginner, if you have basic knowledge or if you already have experience in the kitchen. Our pastry class is designed for all levels:<\/p>\n<ul>\n<li><strong>Foodies<\/strong>: If you&#8217;ve always enjoyed making desserts but want to take your skills to the next level.<\/li>\n<li><strong>Amateurs<\/strong>: If you love to surprise your family and friends with delicious creations, this course will teach you new techniques to dazzle them.<\/li>\n<li><strong>Professionals<\/strong>: If you already work in the culinary industry, but want to improve your techniques.<\/li>\n<\/ul>\n<h2>Who is our Chef teaching this pastry class?<\/h2>\n<p>Esmeralda was a contestant of MasterChef 4th edition. Passionate about gastronomy in its different aspects, she started being self-taught. She is a reader and collector of gastronomic bibliography and everything related to cooking and gastronomy.<\/p>\n<p>After her participation in the 4th edition of Masterchef, she decided to train professionally, graduating in Cooking and Pastry. In addition, she took multiple complementary training courses with renowned chefs, including a master&#8217;s degree in rice dishes.<\/p>\n<p>In addition, in the professional field, she has worked as head chef in several restaurants in Valencia. She combines it with showcookings and collaborations for food companies both in the Valencian Community and in the rest of Spain. She teaches cooking workshops for children, adults and people with functional diversity for different Associations and City Councils. It is to this activity that she is currently dedicated professionally.<\/p>\n<p>Don&#8217;t wait any longer to master the art of desserts. With our pastry course, you will learn how to create not only delicious desserts but also visually stunning ones. Whether you are looking to learn or perfect your skills, this course will provide you with the knowledge you need.<\/p>\n<p>Sign up now and enter the wonderful world of baking!<\/p>\n","protected":false},"excerpt":{"rendered":"<p><!-- Marcado JSON-LD generado por el Asistente para el marcado de datos estructurados de Google. --><br \/>\n<script type=\"application\/ld+json\">\n{\n  \"@context\": \"http:\/\/schema.org\",\n  \"@type\": \"Product\",\n  \"name\": \"Curso de reposteria: Postres deliciosos\",\n  \"image\": \"https:\/\/foodandfun.es\/wp-content\/uploads\/2024\/10\/3_curso_reposteria_800_800.jpg\",\n  \"description\": \"\u00bfEres amante del dulce? Te traemos este curso de reposteria con la conocida Chef Esmeralda de MasterChef 4\u00aa Edici\u00f3n, que te ense\u00f1ar\u00e1 todos sus secretos para elaborar tanto deliciosos postres cl\u00e1sicos como m\u00e1s innovadores. No dejes pasar esta oportunidad de aprender a preparar unos postres espectaculares con los que sorprender a tu familia y amigos.\",\n  \"offers\": {\n    \"@type\": \"Offer\",\n    \"price\": \"90\",\n    \"priceCurrency\": \"EUR\",\n    \"availability\": \"Yes\",\n    \"priceValidUntil\": \"\"\n},\n  \"aggregateRating\": {\n    \"@type\": \"AggregateRating\",\n    \"bestRating\": \"5\",\n    \"ratingValue\": \"5\",\n    \"ratingCount\": \"4\"\n  }\n}\n<\/script><\/p>\n<p>Do you have a sweet tooth? We bring you this pastry course with the well-known Chef Esmeralda from MasterChef 4th Edition, who will teach you all her secrets to prepare both delicious classic and innovative desserts. Do not miss this opportunity to learn how to prepare spectacular desserts to surprise your family and friends.<\/p>\n<p><strong>If you want to give a cooking course as a gift, you can purchase our <span style=\"color: #000000;\"><a style=\"color: #000000;\" href=\"https:\/\/foodandfun.es\/talleres-de-cocina\/tarjeta-regalo\/\">Gift Card<\/a><\/span><\/strong><\/p>\n","protected":false},"featured_media":43874797,"comment_status":"open","ping_status":"closed","template":"","meta":{"_crdt_document":"","yasr_overall_rating":0,"yasr_post_is_review":"","yasr_auto_insert_disabled":"","yasr_review_type":"","_glsr_average":0,"_glsr_ranking":0,"_glsr_reviews":0},"product_brand":[],"product_cat":[115,114],"product_tag":[],"class_list":{"0":"post-43870551","1":"product","2":"type-product","3":"status-publish","4":"has-post-thumbnail","6":"product_cat-cooking-class","7":"product_cat-septiembre-en","9":"first","10":"instock","11":"featured","12":"shipping-taxable","13":"purchasable","14":"product-type-variable"},"acf":[],"yoast_head":"<!-- This site is optimized with the Yoast SEO plugin v27.3 - https:\/\/yoast.com\/product\/yoast-seo-wordpress\/ -->\n<title>Pastry course: Delicious desserts - Food &amp; Fun<\/title>\n<meta name=\"description\" content=\"Pastry course in Valencia, learn to prepare both delicious classic and innovative desserts and surprise your family and friends.\" \/>\n<meta name=\"robots\" content=\"index, follow, max-snippet:-1, max-image-preview:large, max-video-preview:-1\" \/>\n<link rel=\"canonical\" href=\"https:\/\/foodandfun.es\/en\/talleres-de-cocina\/pastry-class\/\" \/>\n<meta property=\"og:locale\" content=\"en_US\" \/>\n<meta property=\"og:type\" content=\"article\" \/>\n<meta property=\"og:title\" content=\"Pastry course: Delicious desserts - Food &amp; Fun\" \/>\n<meta property=\"og:description\" content=\"Pastry course in Valencia, learn to prepare both delicious classic and innovative desserts and surprise your family and friends.\" \/>\n<meta property=\"og:url\" content=\"https:\/\/foodandfun.es\/en\/talleres-de-cocina\/pastry-class\/\" \/>\n<meta property=\"og:site_name\" content=\"Food &amp; Fun\" \/>\n<meta property=\"article:publisher\" content=\"https:\/\/www.facebook.com\/FoodandFunValencia\" \/>\n<meta property=\"article:modified_time\" content=\"2025-04-07T21:35:55+00:00\" \/>\n<meta property=\"og:image\" content=\"https:\/\/foodandfun.es\/wp-content\/uploads\/2024\/10\/3_curso_reposteria_800_800.jpg\" \/>\n\t<meta property=\"og:image:width\" content=\"800\" \/>\n\t<meta property=\"og:image:height\" content=\"800\" \/>\n\t<meta property=\"og:image:type\" content=\"image\/jpeg\" \/>\n<meta name=\"twitter:card\" content=\"summary_large_image\" \/>\n<meta name=\"twitter:label1\" content=\"Est. reading time\" \/>\n\t<meta name=\"twitter:data1\" content=\"5 minutes\" \/>\n<script type=\"application\/ld+json\" class=\"yoast-schema-graph\">{\"@context\":\"https:\\\/\\\/schema.org\",\"@graph\":[{\"@type\":\"WebPage\",\"@id\":\"https:\\\/\\\/foodandfun.es\\\/en\\\/talleres-de-cocina\\\/pastry-class\\\/\",\"url\":\"https:\\\/\\\/foodandfun.es\\\/en\\\/talleres-de-cocina\\\/pastry-class\\\/\",\"name\":\"Pastry course: Delicious desserts - Food &amp; Fun\",\"isPartOf\":{\"@id\":\"https:\\\/\\\/foodandfun.es\\\/en\\\/#website\"},\"primaryImageOfPage\":{\"@id\":\"https:\\\/\\\/foodandfun.es\\\/en\\\/talleres-de-cocina\\\/pastry-class\\\/#primaryimage\"},\"image\":{\"@id\":\"https:\\\/\\\/foodandfun.es\\\/en\\\/talleres-de-cocina\\\/pastry-class\\\/#primaryimage\"},\"thumbnailUrl\":\"https:\\\/\\\/foodandfun.es\\\/wp-content\\\/uploads\\\/2024\\\/10\\\/DSC2846.jpg\",\"datePublished\":\"2024-10-11T07:37:55+00:00\",\"dateModified\":\"2025-04-07T21:35:55+00:00\",\"description\":\"Pastry course in Valencia, learn to prepare both delicious classic and innovative desserts and surprise your family and friends.\",\"breadcrumb\":{\"@id\":\"https:\\\/\\\/foodandfun.es\\\/en\\\/talleres-de-cocina\\\/pastry-class\\\/#breadcrumb\"},\"inLanguage\":\"en-US\",\"potentialAction\":[{\"@type\":\"ReadAction\",\"target\":[\"https:\\\/\\\/foodandfun.es\\\/en\\\/talleres-de-cocina\\\/pastry-class\\\/\"]}]},{\"@type\":\"ImageObject\",\"inLanguage\":\"en-US\",\"@id\":\"https:\\\/\\\/foodandfun.es\\\/en\\\/talleres-de-cocina\\\/pastry-class\\\/#primaryimage\",\"url\":\"https:\\\/\\\/foodandfun.es\\\/wp-content\\\/uploads\\\/2024\\\/10\\\/DSC2846.jpg\",\"contentUrl\":\"https:\\\/\\\/foodandfun.es\\\/wp-content\\\/uploads\\\/2024\\\/10\\\/DSC2846.jpg\",\"width\":1639,\"height\":2048},{\"@type\":\"BreadcrumbList\",\"@id\":\"https:\\\/\\\/foodandfun.es\\\/en\\\/talleres-de-cocina\\\/pastry-class\\\/#breadcrumb\",\"itemListElement\":[{\"@type\":\"ListItem\",\"position\":1,\"name\":\"Home\",\"item\":\"https:\\\/\\\/foodandfun.es\\\/en\\\/\"},{\"@type\":\"ListItem\",\"position\":2,\"name\":\"Privado: Tienda\",\"item\":\"https:\\\/\\\/foodandfun.es\\\/?page_id=304\"},{\"@type\":\"ListItem\",\"position\":3,\"name\":\"Pastry course: Delicious desserts\"}]},{\"@type\":\"WebSite\",\"@id\":\"https:\\\/\\\/foodandfun.es\\\/en\\\/#website\",\"url\":\"https:\\\/\\\/foodandfun.es\\\/en\\\/\",\"name\":\"Food&Fun,Escenario Culinario\",\"description\":\"Food &amp; Fun es el primer escenario culinario de Valencia: conectamos personas con talleres de cocina y teambuilding gastron\u00f3mico para empresas.\",\"publisher\":{\"@id\":\"https:\\\/\\\/foodandfun.es\\\/en\\\/#organization\"},\"potentialAction\":[{\"@type\":\"SearchAction\",\"target\":{\"@type\":\"EntryPoint\",\"urlTemplate\":\"https:\\\/\\\/foodandfun.es\\\/en\\\/?s={search_term_string}\"},\"query-input\":{\"@type\":\"PropertyValueSpecification\",\"valueRequired\":true,\"valueName\":\"search_term_string\"}}],\"inLanguage\":\"en-US\"},{\"@type\":\"Organization\",\"@id\":\"https:\\\/\\\/foodandfun.es\\\/en\\\/#organization\",\"name\":\"Food&Fun\",\"url\":\"https:\\\/\\\/foodandfun.es\\\/en\\\/\",\"logo\":{\"@type\":\"ImageObject\",\"inLanguage\":\"en-US\",\"@id\":\"https:\\\/\\\/foodandfun.es\\\/en\\\/#\\\/schema\\\/logo\\\/image\\\/\",\"url\":\"https:\\\/\\\/foodandfun.es\\\/wp-content\\\/uploads\\\/2022\\\/03\\\/Logotipo.png\",\"contentUrl\":\"https:\\\/\\\/foodandfun.es\\\/wp-content\\\/uploads\\\/2022\\\/03\\\/Logotipo.png\",\"width\":1115,\"height\":257,\"caption\":\"Food&Fun\"},\"image\":{\"@id\":\"https:\\\/\\\/foodandfun.es\\\/en\\\/#\\\/schema\\\/logo\\\/image\\\/\"},\"sameAs\":[\"https:\\\/\\\/www.facebook.com\\\/FoodandFunValencia\",\"https:\\\/\\\/www.instagram.com\\\/foodandfunvlc\\\/\",\"https:\\\/\\\/www.linkedin.com\\\/company\\\/cocinacircular\\\/\"]},false]}<\/script>\n<!-- \/ Yoast SEO plugin. -->","yoast_head_json":{"title":"Pastry course: Delicious desserts - Food &amp; Fun","description":"Pastry course in Valencia, learn to prepare both delicious classic and innovative desserts and surprise your family and friends.","robots":{"index":"index","follow":"follow","max-snippet":"max-snippet:-1","max-image-preview":"max-image-preview:large","max-video-preview":"max-video-preview:-1"},"canonical":"https:\/\/foodandfun.es\/en\/talleres-de-cocina\/pastry-class\/","og_locale":"en_US","og_type":"article","og_title":"Pastry course: Delicious desserts - Food &amp; Fun","og_description":"Pastry course in Valencia, learn to prepare both delicious classic and innovative desserts and surprise your family and friends.","og_url":"https:\/\/foodandfun.es\/en\/talleres-de-cocina\/pastry-class\/","og_site_name":"Food &amp; Fun","article_publisher":"https:\/\/www.facebook.com\/FoodandFunValencia","article_modified_time":"2025-04-07T21:35:55+00:00","og_image":[{"width":800,"height":800,"url":"https:\/\/foodandfun.es\/wp-content\/uploads\/2024\/10\/3_curso_reposteria_800_800.jpg","type":"image\/jpeg"}],"twitter_card":"summary_large_image","twitter_misc":{"Est. reading time":"5 minutes"},"schema":{"@context":"https:\/\/schema.org","@graph":[{"@type":"WebPage","@id":"https:\/\/foodandfun.es\/en\/talleres-de-cocina\/pastry-class\/","url":"https:\/\/foodandfun.es\/en\/talleres-de-cocina\/pastry-class\/","name":"Pastry course: Delicious desserts - Food &amp; Fun","isPartOf":{"@id":"https:\/\/foodandfun.es\/en\/#website"},"primaryImageOfPage":{"@id":"https:\/\/foodandfun.es\/en\/talleres-de-cocina\/pastry-class\/#primaryimage"},"image":{"@id":"https:\/\/foodandfun.es\/en\/talleres-de-cocina\/pastry-class\/#primaryimage"},"thumbnailUrl":"https:\/\/foodandfun.es\/wp-content\/uploads\/2024\/10\/DSC2846.jpg","datePublished":"2024-10-11T07:37:55+00:00","dateModified":"2025-04-07T21:35:55+00:00","description":"Pastry course in Valencia, learn to prepare both delicious classic and innovative desserts and surprise your family and friends.","breadcrumb":{"@id":"https:\/\/foodandfun.es\/en\/talleres-de-cocina\/pastry-class\/#breadcrumb"},"inLanguage":"en-US","potentialAction":[{"@type":"ReadAction","target":["https:\/\/foodandfun.es\/en\/talleres-de-cocina\/pastry-class\/"]}]},{"@type":"ImageObject","inLanguage":"en-US","@id":"https:\/\/foodandfun.es\/en\/talleres-de-cocina\/pastry-class\/#primaryimage","url":"https:\/\/foodandfun.es\/wp-content\/uploads\/2024\/10\/DSC2846.jpg","contentUrl":"https:\/\/foodandfun.es\/wp-content\/uploads\/2024\/10\/DSC2846.jpg","width":1639,"height":2048},{"@type":"BreadcrumbList","@id":"https:\/\/foodandfun.es\/en\/talleres-de-cocina\/pastry-class\/#breadcrumb","itemListElement":[{"@type":"ListItem","position":1,"name":"Home","item":"https:\/\/foodandfun.es\/en\/"},{"@type":"ListItem","position":2,"name":"Privado: Tienda","item":"https:\/\/foodandfun.es\/?page_id=304"},{"@type":"ListItem","position":3,"name":"Pastry course: Delicious desserts"}]},{"@type":"WebSite","@id":"https:\/\/foodandfun.es\/en\/#website","url":"https:\/\/foodandfun.es\/en\/","name":"Food&Fun,Escenario Culinario","description":"Food &amp; Fun es el primer escenario culinario de Valencia: conectamos personas con talleres de cocina y teambuilding gastron\u00f3mico para empresas.","publisher":{"@id":"https:\/\/foodandfun.es\/en\/#organization"},"potentialAction":[{"@type":"SearchAction","target":{"@type":"EntryPoint","urlTemplate":"https:\/\/foodandfun.es\/en\/?s={search_term_string}"},"query-input":{"@type":"PropertyValueSpecification","valueRequired":true,"valueName":"search_term_string"}}],"inLanguage":"en-US"},{"@type":"Organization","@id":"https:\/\/foodandfun.es\/en\/#organization","name":"Food&Fun","url":"https:\/\/foodandfun.es\/en\/","logo":{"@type":"ImageObject","inLanguage":"en-US","@id":"https:\/\/foodandfun.es\/en\/#\/schema\/logo\/image\/","url":"https:\/\/foodandfun.es\/wp-content\/uploads\/2022\/03\/Logotipo.png","contentUrl":"https:\/\/foodandfun.es\/wp-content\/uploads\/2022\/03\/Logotipo.png","width":1115,"height":257,"caption":"Food&Fun"},"image":{"@id":"https:\/\/foodandfun.es\/en\/#\/schema\/logo\/image\/"},"sameAs":["https:\/\/www.facebook.com\/FoodandFunValencia","https:\/\/www.instagram.com\/foodandfunvlc\/","https:\/\/www.linkedin.com\/company\/cocinacircular\/"]},false]}},"yasr_visitor_votes":{"stars_attributes":{"read_only":false,"span_bottom":false},"number_of_votes":0,"sum_votes":0},"_links":{"self":[{"href":"https:\/\/foodandfun.es\/en\/wp-json\/wp\/v2\/product\/43870551","targetHints":{"allow":["GET"]}}],"collection":[{"href":"https:\/\/foodandfun.es\/en\/wp-json\/wp\/v2\/product"}],"about":[{"href":"https:\/\/foodandfun.es\/en\/wp-json\/wp\/v2\/types\/product"}],"replies":[{"embeddable":true,"href":"https:\/\/foodandfun.es\/en\/wp-json\/wp\/v2\/comments?post=43870551"}],"wp:featuredmedia":[{"embeddable":true,"href":"https:\/\/foodandfun.es\/en\/wp-json\/wp\/v2\/media\/43874797"}],"wp:attachment":[{"href":"https:\/\/foodandfun.es\/en\/wp-json\/wp\/v2\/media?parent=43870551"}],"wp:term":[{"taxonomy":"product_brand","embeddable":true,"href":"https:\/\/foodandfun.es\/en\/wp-json\/wp\/v2\/product_brand?post=43870551"},{"taxonomy":"product_cat","embeddable":true,"href":"https:\/\/foodandfun.es\/en\/wp-json\/wp\/v2\/product_cat?post=43870551"},{"taxonomy":"product_tag","embeddable":true,"href":"https:\/\/foodandfun.es\/en\/wp-json\/wp\/v2\/product_tag?post=43870551"}],"curies":[{"name":"wp","href":"https:\/\/api.w.org\/{rel}","templated":true}]}}