{"id":43870515,"date":"2024-01-20T09:13:23","date_gmt":"2024-01-20T08:13:23","guid":{"rendered":"https:\/\/foodandfun.es\/talleres-de-cocina\/curso-paella\/"},"modified":"2025-10-15T11:31:40","modified_gmt":"2025-10-15T09:31:40","slug":"paella-cooking-class","status":"publish","type":"product","link":"https:\/\/foodandfun.es\/en\/talleres-de-cocina\/paella-cooking-class\/","title":{"rendered":"Paella cooking class"},"content":{"rendered":"<p>Traditional Valencian Paella course where you will learn the authentic recipe of the traditional Valencian Paella and all its secrets. In this cooking course, our Master Paella Chef will explain the techniques and secrets to cook a delicious paella. You will learn how to choose the best ingredients, the different types of rice and cooking methods, and how to get the much appreciated &#8220;socarrat&#8221;. While cooking you will have some olives and french fries, to accompany a glass of vermouth and enjoy the extraordinary wines of Venta del Puerto and Reymos, to finish in an unforgettable meal with everything prepared.<\/p>\n<p><strong>Course dates<\/strong><\/p>\n<ul>\n<li><strong>Saturday, May 3, 2025 <\/strong><strong>&#8211; 11:00h. &#8211; 15:00h <\/strong><\/li>\n<li><strong>Saturday, May 17, 2025 <\/strong><strong>&#8211; 11:00h. &#8211; 15:00h <\/strong><\/li>\n<li><strong>Saturday, May 31, 2025 <\/strong><strong>&#8211; 11:00h. &#8211; 15:00h <\/strong><\/li>\n<li><strong>Saturday, June 14, 2025 <\/strong><strong>&#8211; 11:00h. &#8211; 15:00h <\/strong><\/li>\n<li><strong>Saturday, June 21, 2025 <\/strong><strong>&#8211; 11:00h. &#8211; 15:00h <\/strong><\/li>\n<\/ul>\n<p><strong>Course duration: 3-4 hours<\/strong><\/p>\n<p><strong>Content of the Paella course<\/strong><\/p>\n<ul>\n<li>Valencian tomato, spring onion, mojama and olives salad<\/li>\n<li>Traditional Valencian Paella<\/li>\n<li>Horchata Torrijas<\/li>\n<\/ul>\n<div>\n<div>The techniques you will learn in this course are:<\/div>\n<div>&#8211; How to select the right rice.<\/div>\n<div>&#8211; The preparation of a good sofrito.<\/div>\n<div>&#8211; Cooking times.<\/div>\n<div>&#8211; How to obtain the perfect point of the rice and the &#8220;socarrat&#8221;.<\/div>\n<\/div>\n<div><\/div>\n<div>This Paella Course is a perfect plan to come and have fun with family or friends and enjoy a Valencian Paella cooked in the most traditional way.<\/div>\n<div><\/div>\n<div>\n<p><iframe title=\"Curso paella lovers #food #foodie #chef #gastronomia #comida #foodlover\" width=\"800\" height=\"450\" src=\"https:\/\/www.youtube.com\/embed\/7Tokttf30IQ?feature=oembed\" frameborder=\"0\" allow=\"accelerometer; autoplay; clipboard-write; encrypted-media; gyroscope; picture-in-picture; web-share\" referrerpolicy=\"strict-origin-when-cross-origin\" allowfullscreen><\/iframe><\/p>\n<\/div>\n<div><\/div>\n","protected":false},"excerpt":{"rendered":"<p><!-- Marcado JSON-LD generado por el Asistente para el marcado de datos estructurados de Google. --><br \/>\n<script type=\"application\/ld+json\">\n{\n  \"@context\": \"http:\/\/schema.org\",\n  \"@type\": \"Product\",\n  \"name\": \"Curso Paella Lovers\",\n  \"image\": \"https:\/\/foodandfun.es\/wp-content\/uploads\/2024\/01\/Curso_Paella_8_800_800.jpg\",\n  \"description\": \"Curso de Paella Valenciana tradicional donde aprender\u00e1s la aut\u00e9ntica receta de la tradicional Paella Valenciana y todos sus secretos. Conocer\u00e1s c\u00f3mo elegir los mejores ingredientes, los distintos tipos de arroz y de cocci\u00f3n, y c\u00f3mo conseguir el tan preciado \u201csocarrat\u201d. Y esto no es todo, mientras cocinas disfrutar\u00e1s de los extraordinarios vinos de Venta del Puerto y Reymos, para finalizar en una comida inolvidable con todo lo cocinado.\",\n  \"offers\": {\n    \"@type\": \"Offer\",\n    \"price\": \"80\",\n    \"priceCurrency\": \"EUR\",\n    \"availability\": \"Yes\",\n    \"priceValidUntil\": \"\"\n  },\n  \"aggregateRating\": {\n    \"@type\": \"AggregateRating\",\n    \"bestRating\": \"5\",\n    \"ratingValue\": \"5\",\n    \"ratingCount\": \"1\"\n  }\n}\n<\/script><\/p>\n<p>Traditional Valencian Paella course where you will learn the authentic recipe of the traditional Valencian Paella and all its secrets. You will learn how to choose the best ingredients, the different types of rice and cooking, and how to get the so precious &#8220;socarrat&#8221;. And that&#8217;s not all, while you cook you will enjoy the extraordinary wines of Venta del Puerto and Reymos, to finish in an unforgettable meal with everything cooked.<\/p>\n<p><strong>If you want to give a cooking course as a gift, you can purchase our <span style=\"color: #000000;\"><a style=\"color: #000000;\" href=\"https:\/\/foodandfun.es\/talleres-de-cocina\/tarjeta-regalo\/\">Gift Card<\/a><\/span><\/strong><\/p>\n","protected":false},"featured_media":43874739,"comment_status":"open","ping_status":"closed","template":"","meta":{"_crdt_document":"","yasr_overall_rating":0,"yasr_post_is_review":"","yasr_auto_insert_disabled":"","yasr_review_type":"","_glsr_average":0,"_glsr_ranking":0,"_glsr_reviews":0},"product_brand":[],"product_cat":[115,110,112,113,114],"product_tag":[],"class_list":{"0":"post-43870515","1":"product","2":"type-product","3":"status-publish","4":"has-post-thumbnail","6":"product_cat-cooking-class","7":"product_cat-diciembre-en","8":"product_cat-noviembre-en","9":"product_cat-octubre-en","10":"product_cat-septiembre-en","12":"first","13":"instock","14":"featured","15":"shipping-taxable","16":"purchasable","17":"product-type-variable"},"acf":[],"yoast_head":"<!-- This site is optimized with the Yoast SEO plugin v27.5 - https:\/\/yoast.com\/product\/yoast-seo-wordpress\/ -->\n<title>Paella cooking class - Food &amp; Fun<\/title>\n<meta name=\"description\" content=\"Valencian Paella course where you will learn the authentic recipe of the traditional Valencian Paella and all its secrets.\" \/>\n<meta name=\"robots\" content=\"index, follow, max-snippet:-1, max-image-preview:large, max-video-preview:-1\" \/>\n<link rel=\"canonical\" href=\"https:\/\/foodandfun.es\/en\/talleres-de-cocina\/paella-cooking-class\/\" \/>\n<meta property=\"og:locale\" content=\"en_US\" \/>\n<meta property=\"og:type\" content=\"article\" \/>\n<meta property=\"og:title\" content=\"Paella cooking class - Food &amp; Fun\" \/>\n<meta property=\"og:description\" content=\"Valencian Paella course where you will learn the authentic recipe of the traditional Valencian Paella and all its secrets.\" \/>\n<meta property=\"og:url\" content=\"https:\/\/foodandfun.es\/en\/talleres-de-cocina\/paella-cooking-class\/\" \/>\n<meta property=\"og:site_name\" content=\"Food &amp; Fun\" \/>\n<meta property=\"article:publisher\" content=\"https:\/\/www.facebook.com\/FoodandFunValencia\" \/>\n<meta property=\"article:modified_time\" content=\"2025-10-15T09:31:40+00:00\" \/>\n<meta property=\"og:image\" content=\"https:\/\/foodandfun.es\/wp-content\/uploads\/2024\/01\/Curso_Paella_8_800_800.jpg\" \/>\n\t<meta property=\"og:image:width\" content=\"800\" \/>\n\t<meta property=\"og:image:height\" content=\"800\" \/>\n\t<meta property=\"og:image:type\" content=\"image\/jpeg\" \/>\n<meta name=\"twitter:card\" content=\"summary_large_image\" \/>\n<meta name=\"twitter:label1\" content=\"Est. reading time\" \/>\n\t<meta name=\"twitter:data1\" content=\"2 minutes\" \/>\n<script type=\"application\/ld+json\" class=\"yoast-schema-graph\">{\"@context\":\"https:\\\/\\\/schema.org\",\"@graph\":[{\"@type\":\"WebPage\",\"@id\":\"https:\\\/\\\/foodandfun.es\\\/en\\\/talleres-de-cocina\\\/paella-cooking-class\\\/\",\"url\":\"https:\\\/\\\/foodandfun.es\\\/en\\\/talleres-de-cocina\\\/paella-cooking-class\\\/\",\"name\":\"Paella cooking class - Food &amp; Fun\",\"isPartOf\":{\"@id\":\"https:\\\/\\\/foodandfun.es\\\/en\\\/#website\"},\"primaryImageOfPage\":{\"@id\":\"https:\\\/\\\/foodandfun.es\\\/en\\\/talleres-de-cocina\\\/paella-cooking-class\\\/#primaryimage\"},\"image\":{\"@id\":\"https:\\\/\\\/foodandfun.es\\\/en\\\/talleres-de-cocina\\\/paella-cooking-class\\\/#primaryimage\"},\"thumbnailUrl\":\"https:\\\/\\\/foodandfun.es\\\/wp-content\\\/uploads\\\/2024\\\/01\\\/DSC3721.jpg\",\"datePublished\":\"2024-01-20T08:13:23+00:00\",\"dateModified\":\"2025-10-15T09:31:40+00:00\",\"description\":\"Valencian Paella course where you will learn the authentic recipe of the traditional Valencian Paella and all its secrets.\",\"breadcrumb\":{\"@id\":\"https:\\\/\\\/foodandfun.es\\\/en\\\/talleres-de-cocina\\\/paella-cooking-class\\\/#breadcrumb\"},\"inLanguage\":\"en-US\",\"potentialAction\":[{\"@type\":\"ReadAction\",\"target\":[\"https:\\\/\\\/foodandfun.es\\\/en\\\/talleres-de-cocina\\\/paella-cooking-class\\\/\"]}]},{\"@type\":\"ImageObject\",\"inLanguage\":\"en-US\",\"@id\":\"https:\\\/\\\/foodandfun.es\\\/en\\\/talleres-de-cocina\\\/paella-cooking-class\\\/#primaryimage\",\"url\":\"https:\\\/\\\/foodandfun.es\\\/wp-content\\\/uploads\\\/2024\\\/01\\\/DSC3721.jpg\",\"contentUrl\":\"https:\\\/\\\/foodandfun.es\\\/wp-content\\\/uploads\\\/2024\\\/01\\\/DSC3721.jpg\",\"width\":1638,\"height\":2048},{\"@type\":\"BreadcrumbList\",\"@id\":\"https:\\\/\\\/foodandfun.es\\\/en\\\/talleres-de-cocina\\\/paella-cooking-class\\\/#breadcrumb\",\"itemListElement\":[{\"@type\":\"ListItem\",\"position\":1,\"name\":\"Home\",\"item\":\"https:\\\/\\\/foodandfun.es\\\/en\\\/\"},{\"@type\":\"ListItem\",\"position\":2,\"name\":\"Privado: Tienda\",\"item\":\"https:\\\/\\\/foodandfun.es\\\/?page_id=304\"},{\"@type\":\"ListItem\",\"position\":3,\"name\":\"Paella cooking class\"}]},{\"@type\":\"WebSite\",\"@id\":\"https:\\\/\\\/foodandfun.es\\\/en\\\/#website\",\"url\":\"https:\\\/\\\/foodandfun.es\\\/en\\\/\",\"name\":\"Food&Fun,Escenario Culinario\",\"description\":\"Food &amp; Fun es el primer escenario culinario de Valencia: conectamos personas con talleres de cocina y teambuilding gastron\u00f3mico para empresas.\",\"publisher\":{\"@id\":\"https:\\\/\\\/foodandfun.es\\\/en\\\/#organization\"},\"potentialAction\":[{\"@type\":\"SearchAction\",\"target\":{\"@type\":\"EntryPoint\",\"urlTemplate\":\"https:\\\/\\\/foodandfun.es\\\/en\\\/?s={search_term_string}\"},\"query-input\":{\"@type\":\"PropertyValueSpecification\",\"valueRequired\":true,\"valueName\":\"search_term_string\"}}],\"inLanguage\":\"en-US\"},{\"@type\":\"Organization\",\"@id\":\"https:\\\/\\\/foodandfun.es\\\/en\\\/#organization\",\"name\":\"Food&Fun\",\"url\":\"https:\\\/\\\/foodandfun.es\\\/en\\\/\",\"logo\":{\"@type\":\"ImageObject\",\"inLanguage\":\"en-US\",\"@id\":\"https:\\\/\\\/foodandfun.es\\\/en\\\/#\\\/schema\\\/logo\\\/image\\\/\",\"url\":\"https:\\\/\\\/foodandfun.es\\\/wp-content\\\/uploads\\\/2022\\\/03\\\/Logotipo.png\",\"contentUrl\":\"https:\\\/\\\/foodandfun.es\\\/wp-content\\\/uploads\\\/2022\\\/03\\\/Logotipo.png\",\"width\":1115,\"height\":257,\"caption\":\"Food&Fun\"},\"image\":{\"@id\":\"https:\\\/\\\/foodandfun.es\\\/en\\\/#\\\/schema\\\/logo\\\/image\\\/\"},\"sameAs\":[\"https:\\\/\\\/www.facebook.com\\\/FoodandFunValencia\",\"https:\\\/\\\/www.instagram.com\\\/foodandfunvlc\\\/\",\"https:\\\/\\\/www.linkedin.com\\\/company\\\/cocinacircular\\\/\"]},false]}<\/script>\n<!-- \/ Yoast SEO plugin. -->","yoast_head_json":{"title":"Paella cooking class - Food &amp; Fun","description":"Valencian Paella course where you will learn the authentic recipe of the traditional Valencian Paella and all its secrets.","robots":{"index":"index","follow":"follow","max-snippet":"max-snippet:-1","max-image-preview":"max-image-preview:large","max-video-preview":"max-video-preview:-1"},"canonical":"https:\/\/foodandfun.es\/en\/talleres-de-cocina\/paella-cooking-class\/","og_locale":"en_US","og_type":"article","og_title":"Paella cooking class - Food &amp; Fun","og_description":"Valencian Paella course where you will learn the authentic recipe of the traditional Valencian Paella and all its secrets.","og_url":"https:\/\/foodandfun.es\/en\/talleres-de-cocina\/paella-cooking-class\/","og_site_name":"Food &amp; Fun","article_publisher":"https:\/\/www.facebook.com\/FoodandFunValencia","article_modified_time":"2025-10-15T09:31:40+00:00","og_image":[{"width":800,"height":800,"url":"https:\/\/foodandfun.es\/wp-content\/uploads\/2024\/01\/Curso_Paella_8_800_800.jpg","type":"image\/jpeg"}],"twitter_card":"summary_large_image","twitter_misc":{"Est. reading time":"2 minutes"},"schema":{"@context":"https:\/\/schema.org","@graph":[{"@type":"WebPage","@id":"https:\/\/foodandfun.es\/en\/talleres-de-cocina\/paella-cooking-class\/","url":"https:\/\/foodandfun.es\/en\/talleres-de-cocina\/paella-cooking-class\/","name":"Paella cooking class - Food &amp; Fun","isPartOf":{"@id":"https:\/\/foodandfun.es\/en\/#website"},"primaryImageOfPage":{"@id":"https:\/\/foodandfun.es\/en\/talleres-de-cocina\/paella-cooking-class\/#primaryimage"},"image":{"@id":"https:\/\/foodandfun.es\/en\/talleres-de-cocina\/paella-cooking-class\/#primaryimage"},"thumbnailUrl":"https:\/\/foodandfun.es\/wp-content\/uploads\/2024\/01\/DSC3721.jpg","datePublished":"2024-01-20T08:13:23+00:00","dateModified":"2025-10-15T09:31:40+00:00","description":"Valencian Paella course where you will learn the authentic recipe of the traditional Valencian Paella and all its secrets.","breadcrumb":{"@id":"https:\/\/foodandfun.es\/en\/talleres-de-cocina\/paella-cooking-class\/#breadcrumb"},"inLanguage":"en-US","potentialAction":[{"@type":"ReadAction","target":["https:\/\/foodandfun.es\/en\/talleres-de-cocina\/paella-cooking-class\/"]}]},{"@type":"ImageObject","inLanguage":"en-US","@id":"https:\/\/foodandfun.es\/en\/talleres-de-cocina\/paella-cooking-class\/#primaryimage","url":"https:\/\/foodandfun.es\/wp-content\/uploads\/2024\/01\/DSC3721.jpg","contentUrl":"https:\/\/foodandfun.es\/wp-content\/uploads\/2024\/01\/DSC3721.jpg","width":1638,"height":2048},{"@type":"BreadcrumbList","@id":"https:\/\/foodandfun.es\/en\/talleres-de-cocina\/paella-cooking-class\/#breadcrumb","itemListElement":[{"@type":"ListItem","position":1,"name":"Home","item":"https:\/\/foodandfun.es\/en\/"},{"@type":"ListItem","position":2,"name":"Privado: Tienda","item":"https:\/\/foodandfun.es\/?page_id=304"},{"@type":"ListItem","position":3,"name":"Paella cooking class"}]},{"@type":"WebSite","@id":"https:\/\/foodandfun.es\/en\/#website","url":"https:\/\/foodandfun.es\/en\/","name":"Food&Fun,Escenario Culinario","description":"Food &amp; Fun es el primer escenario culinario de Valencia: conectamos personas con talleres de cocina y teambuilding gastron\u00f3mico para empresas.","publisher":{"@id":"https:\/\/foodandfun.es\/en\/#organization"},"potentialAction":[{"@type":"SearchAction","target":{"@type":"EntryPoint","urlTemplate":"https:\/\/foodandfun.es\/en\/?s={search_term_string}"},"query-input":{"@type":"PropertyValueSpecification","valueRequired":true,"valueName":"search_term_string"}}],"inLanguage":"en-US"},{"@type":"Organization","@id":"https:\/\/foodandfun.es\/en\/#organization","name":"Food&Fun","url":"https:\/\/foodandfun.es\/en\/","logo":{"@type":"ImageObject","inLanguage":"en-US","@id":"https:\/\/foodandfun.es\/en\/#\/schema\/logo\/image\/","url":"https:\/\/foodandfun.es\/wp-content\/uploads\/2022\/03\/Logotipo.png","contentUrl":"https:\/\/foodandfun.es\/wp-content\/uploads\/2022\/03\/Logotipo.png","width":1115,"height":257,"caption":"Food&Fun"},"image":{"@id":"https:\/\/foodandfun.es\/en\/#\/schema\/logo\/image\/"},"sameAs":["https:\/\/www.facebook.com\/FoodandFunValencia","https:\/\/www.instagram.com\/foodandfunvlc\/","https:\/\/www.linkedin.com\/company\/cocinacircular\/"]},false]}},"yasr_visitor_votes":{"stars_attributes":{"read_only":false,"span_bottom":false},"number_of_votes":0,"sum_votes":0},"_links":{"self":[{"href":"https:\/\/foodandfun.es\/en\/wp-json\/wp\/v2\/product\/43870515","targetHints":{"allow":["GET"]}}],"collection":[{"href":"https:\/\/foodandfun.es\/en\/wp-json\/wp\/v2\/product"}],"about":[{"href":"https:\/\/foodandfun.es\/en\/wp-json\/wp\/v2\/types\/product"}],"replies":[{"embeddable":true,"href":"https:\/\/foodandfun.es\/en\/wp-json\/wp\/v2\/comments?post=43870515"}],"wp:featuredmedia":[{"embeddable":true,"href":"https:\/\/foodandfun.es\/en\/wp-json\/wp\/v2\/media\/43874739"}],"wp:attachment":[{"href":"https:\/\/foodandfun.es\/en\/wp-json\/wp\/v2\/media?parent=43870515"}],"wp:term":[{"taxonomy":"product_brand","embeddable":true,"href":"https:\/\/foodandfun.es\/en\/wp-json\/wp\/v2\/product_brand?post=43870515"},{"taxonomy":"product_cat","embeddable":true,"href":"https:\/\/foodandfun.es\/en\/wp-json\/wp\/v2\/product_cat?post=43870515"},{"taxonomy":"product_tag","embeddable":true,"href":"https:\/\/foodandfun.es\/en\/wp-json\/wp\/v2\/product_tag?post=43870515"}],"curies":[{"name":"wp","href":"https:\/\/api.w.org\/{rel}","templated":true}]}}